{"id":2,"date":"2016-05-10T00:55:21","date_gmt":"2016-05-10T00:55:21","guid":{"rendered":"https:\/\/serradalua.escutismo.pt\/?page_id=2"},"modified":"2021-03-18T09:29:47","modified_gmt":"2021-03-18T09:29:47","slug":"sample-page","status":"publish","type":"page","link":"https:\/\/serradalua.escutismo.pt\/?page_id=2","title":{"rendered":"Junta de N\u00facleo"},"content":{"rendered":"<div class=\"quemsomos\">\n<div class=\"inner\">\n<h2>PADRE FRANCISCO SIM\u00d5ES<\/h2>\n<p><span style=\"font-family: helvetica, arial, sans-serif; font-size: 14pt;\">ASSISTENTE DE N\u00daCLEO<\/span><\/p>\n<\/div>\n<div class=\"face\">\n<img loading=\"lazy\" class=\"faces size-full wp-image-877 alignright\" src=\"https:\/\/serradalua.escutismo.pt\/wp-content\/uploads\/2018\/04\/Pde-Francisco-288x300.jpg\" alt=\"\" width=\"288\" height=\"300\" \/>\n<\/div>\n<div class=\"separator\">\u00a0<\/div>\n<\/div>\n<div class=\"quemsomos\">\n<div class=\"inner\">\n<h2>CARLOS SANTOS<\/h2>\n<p><span style=\"font-size: 14pt; font-family: helvetica, arial, sans-serif;\">SECRET\u00c1RIO PARA OS RECURSOS ADULTOS, PROJECTOS E SISTEMAS DE INFORMA\u00c7\u00c3O<\/span><\/p>\n<p><span style=\"font-family: helvetica, arial, sans-serif;\">FORMIGA PRAGM\u00c1TICA<\/span><\/p>\n<ul>\n<li><span style=\"font-family: helvetica, arial, sans-serif;\">Casado, tr\u00eas filhos;<\/span><\/li>\n<li><span style=\"font-family: helvetica, arial, sans-serif;\">Engenheiro Electrot\u00e9cnico;<\/span><\/li>\n<li><span style=\"font-family: helvetica, arial, sans-serif;\">Agrupamento 412 &#8211; Alfragide;<\/span><\/li>\n<li><span style=\"font-family: helvetica, arial, sans-serif;\">Promessa em 1983;<\/span><\/li>\n<li><span style=\"font-family: helvetica, arial, sans-serif;\">Explorador Junior, S\u00e9nior e Caminheiro;<\/span><\/li>\n<li><span style=\"font-family: helvetica, arial, sans-serif;\">Investido como Dirigente em 1991;<\/span><\/li>\n<li><span style=\"font-family: helvetica, arial, sans-serif;\">Ch. Grupo Explorador Adjunto;<\/span><\/li>\n<li><span style=\"font-family: helvetica, arial, sans-serif;\">Ch. Grupo Pioneiro Adjunto;<\/span><\/li>\n<li><span style=\"font-family: helvetica, arial, sans-serif;\">Ch. Grupo Pioneiro;<\/span><\/li>\n<li><span style=\"font-family: helvetica, arial, sans-serif;\">Tesoureiro Agrupamento;<\/span><\/li>\n<li><span style=\"font-family: helvetica, arial, sans-serif;\">Ch. Adj. Agrupamento;<\/span><\/li>\n<li><span style=\"font-family: helvetica, arial, sans-serif;\">Dois Louvores de Agrupamento<\/span><\/li>\n<li><span style=\"font-family: helvetica, arial, sans-serif;\">Secret\u00e1rio de N\u00facleo para os Projectos e Desenvolvimento<\/span><\/li>\n<\/ul>\n<\/div>\n<div class=\"face\">\n<img loading=\"lazy\" class=\"faces size-full wp-image-877 alignright\" src=\"https:\/\/serradalua.escutismo.pt\/wp-content\/uploads\/2018\/04\/carlos-300x300.jpeg\" alt=\"\" width=\"300\" height=\"300\" \/>\n<\/div>\n<div class=\"separator\">\u00a0<\/div>\n<\/div>\n<div class=\"quemsomos\">\n<div class=\"inner\">\n<h2>M\u00c1RIO GUIDO<\/h2>\n<p><span style=\"font-family: helvetica, arial, sans-serif; font-size: 14pt;\">SECRET\u00c1RIO PARA A IMAGEM E COMUNICA\u00c7\u00c3O<\/span><\/p>\n<p><span style=\"font-family: helvetica, arial, sans-serif;\">ARANHA REGUILA<\/span><\/p>\n<ul>\n<li><span style=\"font-family: helvetica, arial, sans-serif;\">Casado, tr\u00eas filhos;<\/span><\/li>\n<li><span style=\"font-family: helvetica, arial, sans-serif;\">Designer de publicidade;<\/span><\/li>\n<li><span style=\"font-family: helvetica, arial, sans-serif;\">Agrupamento de Origem: 412 &#8211; Alfragide;<\/span><\/li>\n<li><span style=\"font-family: helvetica, arial, sans-serif;\">Promessa em 1988;<\/span><\/li>\n<li><span style=\"font-family: helvetica, arial, sans-serif;\">Explorador J\u00fanior, Pioneiro, Caminheiro;<\/span><\/li>\n<li><span style=\"font-family: helvetica, arial, sans-serif;\">Investido como Dirigente em 2002;<\/span><\/li>\n<li><span style=\"font-family: helvetica, arial, sans-serif;\">Chefe de Grupo Explorador,<\/span><\/li>\n<li><span style=\"font-family: helvetica, arial, sans-serif;\">Chefe Grupo Pioneiro;<\/span><\/li>\n<li><span style=\"font-family: helvetica, arial, sans-serif;\">Chefe de Cl\u00e3;<\/span><\/li>\n<li><span style=\"font-family: helvetica, arial, sans-serif;\">Secret\u00e1rio de N\u00facleo para a III Sec\u00e7\u00e3o;<\/span><\/li>\n<li><span style=\"font-family: helvetica, arial, sans-serif;\">CAP III.<\/span><\/li>\n<\/ul>\n<\/div>\n<div class=\"face\">\n<img loading=\"lazy\" class=\"faces size-full wp-image-877 alignright\" src=\"https:\/\/serradalua.escutismo.pt\/wp-content\/uploads\/2018\/03\/mario_guido.png\" alt=\"\" width=\"295\" height=\"295\" \/>\n<\/div>\n<div class=\"separator\">\u00a0<\/div>\n<\/div>\n<div class=\"quemsomos\">\n<div class=\"inner\">\n<h2 class=\"ui header\">FILIPA MACEDO<\/h2>\n<p><span style=\"font-family: helvetica, arial, sans-serif; font-size: 14pt;\">SECRET\u00c1RIA PARA A GEST\u00c3O ADMINISTRATIVA<\/span><\/p>\n<p><span style=\"font-family: helvetica, arial, sans-serif;\">FALC\u00c3O AUDAZ<\/span><\/p>\n<ul>\n<li><span style=\"font-family: helvetica, arial, sans-serif;\">Casada, 1 filha;<\/span><\/li>\n<li><span style=\"font-family: helvetica, arial, sans-serif;\">Engenheira Inform\u00e1tica;<\/span><\/li>\n<li><span style=\"font-family: helvetica, arial, sans-serif;\">Agrupamento 55 &#8211; Amadora;<\/span><\/li>\n<li><span style=\"font-family: helvetica, arial, sans-serif;\">Promessa em 1991;<\/span><\/li>\n<li><span style=\"font-family: helvetica, arial, sans-serif;\">Exploradora Junior, Pioneira e Caminheira;<\/span><\/li>\n<li><span style=\"font-family: helvetica, arial, sans-serif;\">Investida como Dirigente em 2000;<\/span><\/li>\n<li><span style=\"font-family: helvetica, arial, sans-serif;\">Instrutora Grupo Pioneiros;<\/span><\/li>\n<li><span style=\"font-family: helvetica, arial, sans-serif;\">Ch. Grupo Pioneiro Adjunta;<\/span><\/li>\n<li><span style=\"font-family: helvetica, arial, sans-serif;\">Ch. da Expedi\u00e7\u00e3o;<\/span><\/li>\n<li><span style=\"font-family: helvetica, arial, sans-serif;\">Ch. da Comunidade\u00a0;<\/span><\/li>\n<li><span style=\"font-family: helvetica, arial, sans-serif;\">Ch. de Agrupamento Adjunta;<\/span><\/li>\n<li><span style=\"font-family: helvetica, arial, sans-serif;\">Membro Alexandre Magno (Equipa Forma\u00e7\u00e3o N\u00facleo Serra da Lua)\u00a0<\/span><\/li>\n<li><span style=\"font-family: helvetica, arial, sans-serif;\">Chefe Departamento N\u00facleo para a III Sec\u00e7\u00e3o<\/span><\/li>\n<\/ul>\n<\/div>\n<div class=\"face\">\n<img loading=\"lazy\" class=\"faces size-full wp-image-877 alignright\" src=\"https:\/\/serradalua.escutismo.pt\/wp-content\/uploads\/2018\/04\/filipa-300x300.jpeg\" alt=\"\" width=\"300\" height=\"300\" \/>\n<\/div>\n<div class=\"separator\">\u00a0<\/div>\n<\/div>\n<div class=\"quemsomos\">\n<div class=\"inner\">\n<h2 class=\"ui header\">JO\u00c3O MENDES<\/h2>\n<p><span style=\"font-family: helvetica, arial, sans-serif; font-size: 14pt;\">SECRET\u00c1RIO PARA A EXPANS\u00c3O E PATRIM\u00d3NIO<\/span><\/p>\n<p><span style=\"font-family: helvetica, arial, sans-serif;\">FALC\u00c3O PEREGRINO<\/span><\/p>\n<ul>\n<li><span style=\"font-family: helvetica, arial, sans-serif;\">Casado;<\/span><\/li>\n<li><span style=\"font-family: helvetica, arial, sans-serif;\">T\u00e9cnico Industrias Gr\u00e1ficas;<\/span><\/li>\n<li><span style=\"font-family: helvetica, arial, sans-serif;\">Agrupamento Origem: 704 Mira-Sintra;<\/span><\/li>\n<li><span style=\"font-family: helvetica, arial, sans-serif;\">Promessa em 1989 (ANEE);<\/span><\/li>\n<li><span style=\"font-family: helvetica, arial, sans-serif;\">Explorador J\u00fanior, Pioneiro e Caminheiro;<\/span><\/li>\n<li><span style=\"font-family: helvetica, arial, sans-serif;\">Investido como Dirigente em 2005;<\/span><\/li>\n<li><span style=\"font-family: helvetica, arial, sans-serif;\">Chefe de Grupo Pioneiro;<\/span><\/li>\n<li><span style=\"font-family: helvetica, arial, sans-serif;\">Secret\u00e1rio de N\u00facleo para a II Sec\u00e7\u00e3o;<\/span><\/li>\n<li><span style=\"font-family: helvetica, arial, sans-serif;\">Membro Alexandre Magno (Equipa Forma\u00e7\u00e3o N\u00facleo Serra da Lua);<\/span><\/li>\n<li><span style=\"font-family: helvetica, arial, sans-serif;\">Louvor Regional.<\/span><\/li>\n<\/ul>\n<\/div>\n<div class=\"face\">\n<img loading=\"lazy\" class=\"faces size-full wp-image-877 alignright\" src=\"https:\/\/serradalua.escutismo.pt\/wp-content\/uploads\/2018\/03\/joao_mendes.png\" alt=\"\" width=\"295\" height=\"295\" \/>\n<\/div>\n<div class=\"separator\">\u00a0<\/div>\n<\/div>\n<div class=\"quemsomos\">\n<div class=\"inner\">\n<h2 class=\"ui header\">CL\u00c1UDIO REBELO<\/h2>\n<p class=\"ui header\"><span style=\"font-family: helvetica, arial, sans-serif;\">CHEFE DE N\u00daCLEO ADJUNTO, <\/span><span style=\"font-family: helvetica, arial, sans-serif;\">SECRET\u00c1RIO PEDAG\u00d3GICO<\/span><\/p>\n<p><span style=\"font-family: helvetica, arial, sans-serif;\">RAPOSA LUTADOR<\/span><\/p>\n<ul>\n<li><span style=\"font-family: helvetica, arial, sans-serif;\">Casado, tr\u00eas filhos;<\/span><\/li>\n<li><span style=\"font-family: helvetica, arial, sans-serif;\">Engenheiro Qu\u00edmico;<\/span><\/li>\n<li><span style=\"font-family: helvetica, arial, sans-serif;\">Agrupamento: 46 &#8211; Agualva-Cac\u00e9m;<\/span><\/li>\n<li><span style=\"font-family: helvetica, arial, sans-serif;\">Investidura em 1992;<\/span><\/li>\n<li><span style=\"font-family: helvetica, arial, sans-serif;\">Lobito, Explorador, Pioneiro e Caminheiro;<\/span><\/li>\n<li><span style=\"font-family: helvetica, arial, sans-serif;\">Investido como Dirigente em 2007;<\/span><\/li>\n<li><span style=\"font-family: helvetica, arial, sans-serif;\">Instrutor Expedi\u00e7\u00e3o;<\/span><\/li>\n<li><span style=\"font-family: helvetica, arial, sans-serif;\">Chefe Alcateia;<\/span><\/li>\n<li><span style=\"font-family: helvetica, arial, sans-serif;\">Chefe Comunidade;<\/span><\/li>\n<li><span style=\"font-family: helvetica, arial, sans-serif;\">Chefe Agrupamento Adjunto;<\/span><\/li>\n<li><span style=\"font-family: helvetica, arial, sans-serif;\">Chefe de Agrupamento<\/span><\/li>\n<li><span style=\"font-family: helvetica, arial, sans-serif;\">Chefe Departamento N\u00facleo para a I Sec\u00e7\u00e3o;<\/span><\/li>\n<li><span style=\"font-family: helvetica, arial, sans-serif;\">Secret\u00e1rio N\u00facleo Administrativo e para I Sec\u00e7\u00e3o;<\/span><\/li>\n<li><span style=\"font-family: helvetica, arial, sans-serif;\">CAP I.<\/span><\/li>\n<\/ul>\n<\/div>\n<div class=\"face\">\n<img loading=\"lazy\" class=\"faces size-full wp-image-877 alignright\" src=\"https:\/\/serradalua.escutismo.pt\/wp-content\/uploads\/2018\/03\/claudio_rebelo.png\" alt=\"\" width=\"295\" height=\"295\" \/>\n<\/div>\n<div class=\"separator\">\u00a0<\/div>\n<\/div>\n<div class=\"quemsomos\">\n<div class=\"inner\">\n<h2 class=\"ui header\">NUNO SILVA<\/h2>\n<p><span style=\"font-size: 14pt; font-family: helvetica, arial, sans-serif;\">CHEFE DE N\u00daCLEO<\/span><\/p>\n<p><span style=\"font-family: helvetica, arial, sans-serif;\">GRILO FALANTE<\/span><\/p>\n<ul>\n<li><span style=\"font-family: helvetica, arial, sans-serif;\">Casado, tr\u00eas filhos;<\/span><\/li>\n<li><span style=\"font-family: helvetica, arial, sans-serif;\">Formador\/Consultor;<\/span><\/li>\n<li><span style=\"font-family: helvetica, arial, sans-serif;\">Agrupamento Origem: 704 Mira-Sintra<\/span><\/li>\n<li><span style=\"font-family: helvetica, arial, sans-serif;\">Promessa em 1982;<\/span><\/li>\n<li><span style=\"font-family: helvetica, arial, sans-serif;\">Explorador J\u00fanior, S\u00e9nior e Caminheiro;<\/span><\/li>\n<li><span style=\"font-family: helvetica, arial, sans-serif;\">Investido como Dirigente em 1997;<\/span><\/li>\n<li><span style=\"font-family: helvetica, arial, sans-serif;\">Chefe de Grupo Pioneiro;<\/span><\/li>\n<li><span style=\"font-family: helvetica, arial, sans-serif;\">Chefe de Cl\u00e3;<\/span><\/li>\n<li><span style=\"font-family: helvetica, arial, sans-serif;\">Chefe de N\u00facleo Adjunto;<\/span><\/li>\n<li><span style=\"font-family: helvetica, arial, sans-serif;\">Pertenceu \u00e0 Equipa nacional de Formadores<\/span><\/li>\n<li><span style=\"font-family: helvetica, arial, sans-serif;\">Membro Alexandre Magno (Equipa Forma\u00e7\u00e3o N\u00facleo Serra da Lua);<\/span><\/li>\n<li><span style=\"font-family: helvetica, arial, sans-serif;\">Formador CAP&#8217;s I, III e IV da Regi\u00e3o de Lisboa, CAF 2012;<\/span><\/li>\n<li><span style=\"font-family: helvetica, arial, sans-serif;\">Director dos IX, X, XI, XII e XIII CIP N\u00facleo Serra da Lua;<\/span><\/li>\n<li><span style=\"font-family: helvetica, arial, sans-serif;\">CAP III, CCF, CTF, CDF;<\/span><\/li>\n<li><span style=\"font-family: helvetica, arial, sans-serif;\">Louvor N\u00facleo e dois Louvores Regionais.<\/span><\/li>\n<li><span style=\"font-family: helvetica, arial, sans-serif;\">Cruz de S. Jorge 2\u00aa Classe<\/span><\/li>\n<\/ul>\n<\/div>\n<div class=\"face\">\n<img loading=\"lazy\" class=\"faces size-full wp-image-877 alignright\" src=\"https:\/\/serradalua.escutismo.pt\/wp-content\/uploads\/2018\/03\/nuno_silva.png\" alt=\"\" width=\"295\" height=\"295\" \/>\n<\/div>\n<\/div>\n","protected":false},"excerpt":{"rendered":"<p>PADRE FRANCISCO SIM\u00d5ES ASSISTENTE DE N\u00daCLEO \u00a0 CARLOS SANTOS SECRET\u00c1RIO PARA OS RECURSOS ADULTOS, PROJECTOS E SISTEMAS DE INFORMA\u00c7\u00c3O FORMIGA PRAGM\u00c1TICA Casado, tr\u00eas filhos; Engenheiro Electrot\u00e9cnico; Agrupamento 412 &#8211; Alfragide; &hellip;<\/p>\n","protected":false},"author":2,"featured_media":0,"parent":0,"menu_order":1,"comment_status":"closed","ping_status":"closed","template":"","meta":[],"_links":{"self":[{"href":"https:\/\/serradalua.escutismo.pt\/index.php?rest_route=\/wp\/v2\/pages\/2"}],"collection":[{"href":"https:\/\/serradalua.escutismo.pt\/index.php?rest_route=\/wp\/v2\/pages"}],"about":[{"href":"https:\/\/serradalua.escutismo.pt\/index.php?rest_route=\/wp\/v2\/types\/page"}],"author":[{"embeddable":true,"href":"https:\/\/serradalua.escutismo.pt\/index.php?rest_route=\/wp\/v2\/users\/2"}],"replies":[{"embeddable":true,"href":"https:\/\/serradalua.escutismo.pt\/index.php?rest_route=%2Fwp%2Fv2%2Fcomments&post=2"}],"version-history":[{"count":63,"href":"https:\/\/serradalua.escutismo.pt\/index.php?rest_route=\/wp\/v2\/pages\/2\/revisions"}],"predecessor-version":[{"id":2407,"href":"https:\/\/serradalua.escutismo.pt\/index.php?rest_route=\/wp\/v2\/pages\/2\/revisions\/2407"}],"wp:attachment":[{"href":"https:\/\/serradalua.escutismo.pt\/index.php?rest_route=%2Fwp%2Fv2%2Fmedia&parent=2"}],"curies":[{"name":"wp","href":"https:\/\/api.w.org\/{rel}","templated":true}]}}