{"id":891,"date":"2018-03-01T00:55:52","date_gmt":"2018-03-01T00:55:52","guid":{"rendered":"https:\/\/serradalua.escutismo.pt\/?page_id=891"},"modified":"2018-04-21T23:01:47","modified_gmt":"2018-04-21T23:01:47","slug":"tesouraria","status":"publish","type":"page","link":"https:\/\/serradalua.escutismo.pt\/?page_id=891","title":{"rendered":"Tesouraria"},"content":{"rendered":"<div class=\"quemsomos\">\n<div class=\"inner\">\n<h2 class=\"ui header\">JOS\u00c9 RAINHO<\/h2>\n<p><span style=\"font-family: helvetica, arial, sans-serif;\">CHEFE DE DEPARTAMENTO DE TESOURARIA<\/span><\/p>\n<ul style=\"list-style-type: disc;\">\n<li><span style=\"font-family: helvetica, arial, sans-serif;\">Entrou para o CNE em 2009<\/span><\/li>\n<li><span style=\"font-family: helvetica, arial, sans-serif;\">Agrupamento 752 Algueir\u00e3o<\/span><\/li>\n<li><span style=\"font-family: helvetica, arial, sans-serif;\">Instrutor de II\u00aa Sec\u00e7\u00e3o<\/span><\/li>\n<li><span style=\"font-family: helvetica, arial, sans-serif;\">Instrutor de I\u00aa Sec\u00e7\u00e3o<\/span><\/li>\n<li><span style=\"font-family: helvetica, arial, sans-serif;\">Tesoureiro de N\u00facleo<\/span><\/li>\n<\/ul>\n<\/div>\n<div class=\"face\">\n<img loading=\"lazy\" class=\"faces size-full wp-image-877 alignright\" src=\"https:\/\/serradalua.escutismo.pt\/wp-content\/uploads\/2018\/03\/jose_coelho-300x300.png\" alt=\"\" width=\"300\" height=\"300\" \/>\n<\/div>\n<\/div>\n","protected":false},"excerpt":{"rendered":"<p>JOS\u00c9 RAINHO CHEFE DE DEPARTAMENTO DE TESOURARIA Entrou para o CNE em 2009 Agrupamento 752 Algueir\u00e3o Instrutor de II\u00aa Sec\u00e7\u00e3o Instrutor de I\u00aa Sec\u00e7\u00e3o Tesoureiro de N\u00facleo<\/p>\n","protected":false},"author":2,"featured_media":0,"parent":0,"menu_order":7,"comment_status":"closed","ping_status":"closed","template":"","meta":[],"_links":{"self":[{"href":"https:\/\/serradalua.escutismo.pt\/index.php?rest_route=\/wp\/v2\/pages\/891"}],"collection":[{"href":"https:\/\/serradalua.escutismo.pt\/index.php?rest_route=\/wp\/v2\/pages"}],"about":[{"href":"https:\/\/serradalua.escutismo.pt\/index.php?rest_route=\/wp\/v2\/types\/page"}],"author":[{"embeddable":true,"href":"https:\/\/serradalua.escutismo.pt\/index.php?rest_route=\/wp\/v2\/users\/2"}],"replies":[{"embeddable":true,"href":"https:\/\/serradalua.escutismo.pt\/index.php?rest_route=%2Fwp%2Fv2%2Fcomments&post=891"}],"version-history":[{"count":13,"href":"https:\/\/serradalua.escutismo.pt\/index.php?rest_route=\/wp\/v2\/pages\/891\/revisions"}],"predecessor-version":[{"id":1499,"href":"https:\/\/serradalua.escutismo.pt\/index.php?rest_route=\/wp\/v2\/pages\/891\/revisions\/1499"}],"wp:attachment":[{"href":"https:\/\/serradalua.escutismo.pt\/index.php?rest_route=%2Fwp%2Fv2%2Fmedia&parent=891"}],"curies":[{"name":"wp","href":"https:\/\/api.w.org\/{rel}","templated":true}]}}