{"id":899,"date":"2018-03-01T00:55:44","date_gmt":"2018-03-01T00:55:44","guid":{"rendered":"https:\/\/serradalua.escutismo.pt\/?page_id=899"},"modified":"2018-04-21T23:07:45","modified_gmt":"2018-04-21T23:07:45","slug":"guarda-material","status":"publish","type":"page","link":"https:\/\/serradalua.escutismo.pt\/?page_id=899","title":{"rendered":"Guarda-Material"},"content":{"rendered":"<div class=\"quemsomos\">\n<div class=\"inner\">\n<h2 class=\"ui header\">JOS\u00c9\u00a0 SOUSA<\/h2>\n<p><span style=\"font-family: helvetica, arial, sans-serif;\">CHEFE DE DEPARTAMENTO GUARDA-MATERIAL<\/span><\/p>\n<ul>\n<li><span style=\"font-family: helvetica, arial, sans-serif;\">Entrou para o CNE em 2008<\/span><\/li>\n<li><span style=\"font-family: helvetica, arial, sans-serif;\">Agrupamento 255 &#8211; Damaia<\/span><\/li>\n<li><span style=\"font-family: helvetica, arial, sans-serif;\">Instrutor da II\u00aa Sec\u00e7\u00e3o<\/span><\/li>\n<li><span style=\"font-family: helvetica, arial, sans-serif;\">GM do N\u00facleo Serra da Lua<\/span><\/li>\n<\/ul>\n<\/div>\n<div class=\"face\">\n<img loading=\"lazy\" class=\"faces size-full wp-image-877 alignright\" src=\"https:\/\/serradalua.escutismo.pt\/wp-content\/uploads\/2018\/03\/jose_sousa.png\" alt=\"\" width=\"295\" height=\"295\" \/>\n<\/div>\n<\/div>\n","protected":false},"excerpt":{"rendered":"<p>JOS\u00c9\u00a0 SOUSA CHEFE DE DEPARTAMENTO GUARDA-MATERIAL Entrou para o CNE em 2008 Agrupamento 255 &#8211; Damaia Instrutor da II\u00aa Sec\u00e7\u00e3o GM do N\u00facleo Serra da Lua<\/p>\n","protected":false},"author":2,"featured_media":0,"parent":0,"menu_order":8,"comment_status":"closed","ping_status":"closed","template":"","meta":[],"_links":{"self":[{"href":"https:\/\/serradalua.escutismo.pt\/index.php?rest_route=\/wp\/v2\/pages\/899"}],"collection":[{"href":"https:\/\/serradalua.escutismo.pt\/index.php?rest_route=\/wp\/v2\/pages"}],"about":[{"href":"https:\/\/serradalua.escutismo.pt\/index.php?rest_route=\/wp\/v2\/types\/page"}],"author":[{"embeddable":true,"href":"https:\/\/serradalua.escutismo.pt\/index.php?rest_route=\/wp\/v2\/users\/2"}],"replies":[{"embeddable":true,"href":"https:\/\/serradalua.escutismo.pt\/index.php?rest_route=%2Fwp%2Fv2%2Fcomments&post=899"}],"version-history":[{"count":7,"href":"https:\/\/serradalua.escutismo.pt\/index.php?rest_route=\/wp\/v2\/pages\/899\/revisions"}],"predecessor-version":[{"id":1505,"href":"https:\/\/serradalua.escutismo.pt\/index.php?rest_route=\/wp\/v2\/pages\/899\/revisions\/1505"}],"wp:attachment":[{"href":"https:\/\/serradalua.escutismo.pt\/index.php?rest_route=%2Fwp%2Fv2%2Fmedia&parent=899"}],"curies":[{"name":"wp","href":"https:\/\/api.w.org\/{rel}","templated":true}]}}